{"id":941,"date":"2020-05-11T19:48:03","date_gmt":"2020-05-11T17:48:03","guid":{"rendered":"https:\/\/www.turowka.pl\/convivia\/restauracja-hotel-turowka-wieliczka-english\/"},"modified":"2022-10-12T19:24:45","modified_gmt":"2022-10-12T17:24:45","slug":"restauracja-hotel-turowka-wieliczka-english","status":"publish","type":"page","link":"https:\/\/www.turowka.pl\/convivia\/en\/","title":{"rendered":"Restauracja Hotel Tur\u00f3wka Wieliczka \u2013 English"},"content":{"rendered":"<div class=\"section-title v1\">\r\n\t\t\t<p class=\"subtitle\">Convivia<\/p>\r\n\t\t<h3> Our Restaurant<\/h3>\t\t\r\n<\/div>\n<div style=\"width: 61%; margin: 0 auto; text-align: justify;\">A cozy restaurant for lovers of delicious and fresh dishes,\u00a0 who delight in the art of preparing and serving. The menu changes along with the seasons, as we adore the highest quality products that occur seasonally. Our offer includes exquisite international dishes as well as Polish specialities. The name of the Restaurant comes from the Latin <em>convivium<\/em>, meaning to feast. Our professional service and a rich menu are to provide you with a real feast for the senses.<\/div>\n<div><\/div>\n<div style=\"width: 63%; margin: 0 auto;\">\n<div class='white' style='background:rgba(0,0,0,0); border:solid 0px rgba(0,0,0,0); border-radius:0px; padding:0px 0px 0px 0px;'>\n<div id='slider_719' class='owl-carousel sa_owl_theme owl-pagination-true autohide-arrows' data-slider-id='slider_719' style='visibility:hidden;'>\n<div id='slider_719_slide01' class='sa_hover_container' style='padding:5% 5%; margin:0px 0%; '><p><div id='gallery-1' class='gallery galleryid-941 gallery-columns-1 gallery-size-thumbnail'><figure class='gallery-item'>\n\t\t\t<div class='gallery-icon landscape'>\n\t\t\t\t<a href=\"https:\/\/www.turowka.pl\/convivia\/wp-content\/uploads\/2020\/04\/turowka_wedding117.jpg\"><img decoding=\"async\" width=\"370\" height=\"247\" data-src=\"https:\/\/www.turowka.pl\/convivia\/wp-content\/uploads\/2020\/04\/turowka_wedding117-370x247.jpg\" class=\"attachment-thumbnail size-thumbnail lazyload\" alt=\"\" data-srcset=\"https:\/\/www.turowka.pl\/convivia\/wp-content\/uploads\/2020\/04\/turowka_wedding117-370x247.jpg 370w, https:\/\/www.turowka.pl\/convivia\/wp-content\/uploads\/2020\/04\/turowka_wedding117-675x450.jpg 675w, https:\/\/www.turowka.pl\/convivia\/wp-content\/uploads\/2020\/04\/turowka_wedding117-64x43.jpg 64w, https:\/\/www.turowka.pl\/convivia\/wp-content\/uploads\/2020\/04\/turowka_wedding117-830x554.jpg 830w, https:\/\/www.turowka.pl\/convivia\/wp-content\/uploads\/2020\/04\/turowka_wedding117-768x512.jpg 768w, https:\/\/www.turowka.pl\/convivia\/wp-content\/uploads\/2020\/04\/turowka_wedding117.jpg 1000w\" data-sizes=\"(max-width: 370px) 100vw, 370px\" src=\"data:image\/svg+xml;base64,PHN2ZyB3aWR0aD0iMSIgaGVpZ2h0PSIxIiB4bWxucz0iaHR0cDovL3d3dy53My5vcmcvMjAwMC9zdmciPjwvc3ZnPg==\" style=\"--smush-placeholder-width: 370px; --smush-placeholder-aspect-ratio: 370\/247;\" \/><\/a>\n\t\t\t<\/div><\/figure>\n\t\t<\/div>\n<\/p><\/div>\n<div id='slider_719_slide02' class='sa_hover_container' style='padding:5% 5%; margin:0px 0%; '><p><div id='gallery-2' class='gallery galleryid-941 gallery-columns-1 gallery-size-thumbnail'><figure class='gallery-item'>\n\t\t\t<div class='gallery-icon landscape'>\n\t\t\t\t<a href=\"https:\/\/www.turowka.pl\/convivia\/wp-content\/uploads\/2020\/04\/resto3.jpg\"><img decoding=\"async\" width=\"370\" height=\"247\" data-src=\"https:\/\/www.turowka.pl\/convivia\/wp-content\/uploads\/2020\/04\/resto3-370x247.jpg\" class=\"attachment-thumbnail size-thumbnail lazyload\" alt=\"\" src=\"data:image\/svg+xml;base64,PHN2ZyB3aWR0aD0iMSIgaGVpZ2h0PSIxIiB4bWxucz0iaHR0cDovL3d3dy53My5vcmcvMjAwMC9zdmciPjwvc3ZnPg==\" style=\"--smush-placeholder-width: 370px; --smush-placeholder-aspect-ratio: 370\/247;\" \/><\/a>\n\t\t\t<\/div><\/figure>\n\t\t<\/div>\n<\/p><\/div>\n<div id='slider_719_slide03' class='sa_hover_container' style='padding:5% 5%; margin:0px 0%; '><p><div id='gallery-3' class='gallery galleryid-941 gallery-columns-1 gallery-size-thumbnail'><figure class='gallery-item'>\n\t\t\t<div class='gallery-icon landscape'>\n\t\t\t\t<a href=\"https:\/\/www.turowka.pl\/convivia\/wp-content\/uploads\/2020\/04\/restauracja.png\"><img decoding=\"async\" width=\"370\" height=\"247\" data-src=\"https:\/\/www.turowka.pl\/convivia\/wp-content\/uploads\/2020\/04\/restauracja-370x247.png\" class=\"attachment-thumbnail size-thumbnail lazyload\" alt=\"\" src=\"data:image\/svg+xml;base64,PHN2ZyB3aWR0aD0iMSIgaGVpZ2h0PSIxIiB4bWxucz0iaHR0cDovL3d3dy53My5vcmcvMjAwMC9zdmciPjwvc3ZnPg==\" style=\"--smush-placeholder-width: 370px; --smush-placeholder-aspect-ratio: 370\/247;\" \/><\/a>\n\t\t\t<\/div><\/figure>\n\t\t<\/div>\n<\/p><\/div>\n<\/div>\n<\/div>\n<script type='text\/javascript'>\n\tjQuery(document).ready(function() {\n\t\tjQuery('#slider_719').owlCarousel({\n\t\t\tresponsive:{\n\t\t\t\t0:{ items:1 },\n\t\t\t\t480:{ items:1 },\n\t\t\t\t768:{ items:1 },\n\t\t\t\t980:{ items:3 },\n\t\t\t\t1200:{ items:3 },\n\t\t\t\t1500:{ items:3 }\n\t\t\t},\n\t\t\tautoplay : true,\n\t\t\tautoplayTimeout : 5000,\n\t\t\tautoplayHoverPause : true,\n\t\t\tsmartSpeed : 200,\n\t\t\tfluidSpeed : 200,\n\t\t\tautoplaySpeed : 200,\n\t\t\tnavSpeed : 200,\n\t\t\tdotsSpeed : 200,\n\t\t\tloop : false,\n\t\t\tnav : true,\n\t\t\tnavText : ['Previous','Next'],\n\t\t\tdots : true,\n\t\t\tresponsiveRefreshRate : 200,\n\t\t\tslideBy : 1,\n\t\t\tmergeFit : true,\n\t\t\tautoHeight : false,\n\t\t\tmouseDrag : false,\n\t\t\ttouchDrag : true\n\t\t});\n\t\tjQuery('#slider_719').css('visibility', 'visible');\n\t\tsa_resize_slider_719();\n\t\twindow.addEventListener('resize', sa_resize_slider_719);\n\t\tfunction sa_resize_slider_719() {\n\t\t\tvar min_height = '50';\n\t\t\tvar win_width = jQuery(window).width();\n\t\t\tvar slider_width = jQuery('#slider_719').width();\n\t\t\tif (win_width < 480) {\n\t\t\t\tvar slide_width = slider_width \/ 1;\n\t\t\t} else if (win_width < 768) {\n\t\t\t\tvar slide_width = slider_width \/ 1;\n\t\t\t} else if (win_width < 980) {\n\t\t\t\tvar slide_width = slider_width \/ 1;\n\t\t\t} else if (win_width < 1200) {\n\t\t\t\tvar slide_width = slider_width \/ 3;\n\t\t\t} else if (win_width < 1500) {\n\t\t\t\tvar slide_width = slider_width \/ 3;\n\t\t\t} else {\n\t\t\t\tvar slide_width = slider_width \/ 3;\n\t\t\t}\n\t\t\tslide_width = Math.round(slide_width);\n\t\t\tvar slide_height = '0';\n\t\t\tif (min_height == 'aspect43') {\n\t\t\t\tslide_height = (slide_width \/ 4) * 3;\t\t\t\tslide_height = Math.round(slide_height);\n\t\t\t} else if (min_height == 'aspect169') {\n\t\t\t\tslide_height = (slide_width \/ 16) * 9;\t\t\t\tslide_height = Math.round(slide_height);\n\t\t\t} else {\n\t\t\t\tslide_height = (slide_width \/ 100) * min_height;\t\t\t\tslide_height = Math.round(slide_height);\n\t\t\t}\n\t\t\tjQuery('#slider_719 .owl-item .sa_hover_container').css('min-height', slide_height+'px');\n\t\t}\n\t\tvar owl_goto = jQuery('#slider_719');\n\t\tjQuery('.slider_719_goto1').click(function(event){\n\t\t\towl_goto.trigger('to.owl.carousel', 0);\n\t\t});\n\t\tjQuery('.slider_719_goto2').click(function(event){\n\t\t\towl_goto.trigger('to.owl.carousel', 1);\n\t\t});\n\t\tjQuery('.slider_719_goto3').click(function(event){\n\t\t\towl_goto.trigger('to.owl.carousel', 2);\n\t\t});\n\t\tvar resize_719 = jQuery('.owl-carousel');\n\t\tresize_719.on('initialized.owl.carousel', function(e) {\n\t\t\tif (typeof(Event) === 'function') {\n\t\t\t\twindow.dispatchEvent(new Event('resize'));\n\t\t\t} else {\n\t\t\t\tvar evt = window.document.createEvent('UIEvents');\n\t\t\t\tevt.initUIEvent('resize', true, false, window, 0);\n\t\t\t\twindow.dispatchEvent(evt);\n\t\t\t}\n\t\t});\n\t});\n<\/script>\n\n<\/div>\n<hr style=\"width: 100px; color: grey; margin: 0 auto;\" \/>\n<p>&nbsp;<\/p>\n\t\r\n\t\t\t<p class=\"info\">Latest News can&#039;t find any blog posts<\/p>\r\n\t\t\r\n\t\n<p><!--[our_menu_teaser title=\"Sample menu\" subtitle=\"Selected dishes\" uri=\"\/convivia\/menu\"]-->\t<section class=\"section-block\">\r\n\t\t<div class=\"section-title v1\">\r\n\t\t\t<p class=\"subtitle\">Selected dishes<\/p>\r\n\t\t<h3> from our menu<\/h3>\t\t\r\n<\/div>\t\t\t\t\t<ul class=\"dishes-menu cols-2 small-imgs drop-style\">\r\n\t\t\t\t<li class=\"item post-1960 dishes_menu type-dishes_menu status-publish hentry dishes_categories-pierwsze-dania\">\r\n\t\t<div class=\"description\">\r\n\t\t\t<span class=\"dm-price\"><span class=\"dm-price\">40 <span class=\"currency\">z\u0142<\/span><\/span><\/span>\t\t\t\r\n\t\t\t<h2><span class=\"title\">Go\u0142\u0105bki wegetaria\u0144skie z kasz\u0105 bulgur<\/span><\/h2>\r\n\t\t<div class=\"dots\">\r\n\t\t\t\t\r\n\t\t\t\t\t\t\t\t<p><em>Vegetarian cabbage rolls with bulgur<\/em><\/p>\n<p>go\u0142\u0105bki z w\u0142oskiej kapusty \/ kasza bulgur z warzywami \/ sos z boczniak\u00f3w<br \/>\n<em>cabbage rolls \/ bulgur with vegetables \/ oyster mushroom sauce<\/em><\/p>\n\t\t<\/div>\r\n\t\t\t<\/div>\r\n<\/li>\t\t\t<\/ul>\r\n\t\t\t<!-- Simple Shotcode -->\r\n\t\t\t\t\t\t\t\t\t<div class=\"align-center-margin\">\r\n\t\t\t\t\t\t<a href=\"\/convivia\/en\/menu-2\" class=\"btn btn-transparent btn-lg\" target=\"\">View Full Menu<\/a>\r\n\t\t\t\t\t<\/div>\r\n\t\t\t\t\t\t\t<!-- End Simple Shortcode -->\t\r\n\t\t\t\r\n\t\t\t<!-- WPBakery Shortcode -->\r\n\t\t\t\t\t\t<!-- End WPBakery Shortcode -->\r\n\t\t\t\r\n\t<\/section>\r\n\t<\/p>\n<p><!--[promo_slider cat=\"36\"]--><br \/>\n\t\r\n\t\t\t<section id=\"latest-news\" class=\"latest-news has-bg alignfull\">\r\n\t\t\t<div class=\"section-title v1\">\r\n\t\t\t<p class=\"subtitle\">Convivia<\/p>\r\n\t\t<h3> events<\/h3>\t\t\r\n<\/div>\t\t\t<div class=\"\">\t\r\n\t\t\t\t\t\t\t\t\t<div class=\"item dzsparallaxer auto-init height-is-based-on-content use-loading\">\r\n\t<div class=\"divimage dzsparallaxer--target lazyload\" style=\"background-image:inherit\" data-bg-image=\"url(https:\/\/www.turowka.pl\/convivia\/wp-content\/uploads\/2020\/04\/galeria-dodatkowa-zdj-2-1.jpg)\"><\/div>\r\n\t<div class=\"wrap\">\r\n\t\t<div class=\"latest-news-inner alignwide\">\r\n\t\t\t<div>\r\n\t\t\t\t<img decoding=\"async\" width=\"675\" height=\"334\" data-src=\"https:\/\/www.turowka.pl\/convivia\/wp-content\/uploads\/2020\/04\/galeria-dodatkowa-zdj-2-1-675x334.jpg\" class=\"attachment-medium size-medium wp-post-image lazyload\" alt=\"\" data-srcset=\"https:\/\/www.turowka.pl\/convivia\/wp-content\/uploads\/2020\/04\/galeria-dodatkowa-zdj-2-1-675x334.jpg 675w, https:\/\/www.turowka.pl\/convivia\/wp-content\/uploads\/2020\/04\/galeria-dodatkowa-zdj-2-1-64x32.jpg 64w, https:\/\/www.turowka.pl\/convivia\/wp-content\/uploads\/2020\/04\/galeria-dodatkowa-zdj-2-1-830x411.jpg 830w, https:\/\/www.turowka.pl\/convivia\/wp-content\/uploads\/2020\/04\/galeria-dodatkowa-zdj-2-1-768x380.jpg 768w, https:\/\/www.turowka.pl\/convivia\/wp-content\/uploads\/2020\/04\/galeria-dodatkowa-zdj-2-1-1536x761.jpg 1536w, https:\/\/www.turowka.pl\/convivia\/wp-content\/uploads\/2020\/04\/galeria-dodatkowa-zdj-2-1.jpg 1920w\" data-sizes=\"(max-width: 675px) 100vw, 675px\" src=\"data:image\/svg+xml;base64,PHN2ZyB3aWR0aD0iMSIgaGVpZ2h0PSIxIiB4bWxucz0iaHR0cDovL3d3dy53My5vcmcvMjAwMC9zdmciPjwvc3ZnPg==\" style=\"--smush-placeholder-width: 675px; --smush-placeholder-aspect-ratio: 675\/334;\" \/>\t\t\t<\/div>\r\n\t\t\t<div>\r\n\t\t\t\t<time class=\"date pr-font\" datetime=\"2020-05-15\">15 maja 2020<\/time>\r\n\t\t\t\t<h2 class=\"font-title\"><a href=\"https:\/\/www.turowka.pl\/convivia\/en\/menus-for-special-celebrations\/\">Menus for Special Celebrations<\/a><\/h2>\t\r\n\t\t\t\t<p>Tur\u00f3wka Hotel &amp; SPA**** is the perfect place to celebrate the most important moments in life. Charming surroundings, cheerful interiors, excellent cuisine and professional staff will take care of your&#8230;<\/p>\n\t\t\t\t<a class=\"btn btn-transparent\" href=\"https:\/\/www.turowka.pl\/convivia\/en\/menus-for-special-celebrations\/\">Read More<\/a>\r\n\t\t\t<\/div>\r\n\t\t<\/div>\r\n\t<\/div>\r\n\t<span class=\"alpha-gradient\"><\/span>\r\n<\/div>\t\t\t\t\t\t\t<\/div>\t\r\n\t\t\t<script>\r\n\t\t\t\tjQuery('.latest-news-carousel').owlCarousel({\r\n\t\t\t\t\tnav: true,\r\n\t\t\t\t\titems: 1,\r\n\t\t\t\t\tmargin: 0,\r\n\t\t\t\t\tautoHeight: true,\r\n\t\t\t\t\tautoplay: Boolean(  ),\r\n\t\t\t\t\trewind: Boolean(  ),\r\n\t\t\t\t\tautoplayHoverPause: Boolean(  ),\r\n\t\t\t\t});\r\n\t\t\t<\/script>\t\t\t\t\t\t\t\t\t\t\t\r\n\t\t<\/section>\r\n\t\t\r\n\t<\/p>\n<p>&nbsp;<\/p>\n","protected":false},"excerpt":{"rendered":"<p>A cozy restaurant for lovers of delicious and fresh dishes,\u00a0 who delight in the art of preparing and serving. The menu changes along with the seasons, as we adore the&#8230;<\/p>\n","protected":false},"author":1,"featured_media":0,"parent":0,"menu_order":0,"comment_status":"closed","ping_status":"closed","template":"","meta":{"footnotes":""},"class_list":["post-941","page","type-page","status-publish","hentry"],"jetpack_sharing_enabled":true,"amp_enabled":true,"_links":{"self":[{"href":"https:\/\/www.turowka.pl\/convivia\/wp-json\/wp\/v2\/pages\/941","targetHints":{"allow":["GET"]}}],"collection":[{"href":"https:\/\/www.turowka.pl\/convivia\/wp-json\/wp\/v2\/pages"}],"about":[{"href":"https:\/\/www.turowka.pl\/convivia\/wp-json\/wp\/v2\/types\/page"}],"author":[{"embeddable":true,"href":"https:\/\/www.turowka.pl\/convivia\/wp-json\/wp\/v2\/users\/1"}],"replies":[{"embeddable":true,"href":"https:\/\/www.turowka.pl\/convivia\/wp-json\/wp\/v2\/comments?post=941"}],"version-history":[{"count":11,"href":"https:\/\/www.turowka.pl\/convivia\/wp-json\/wp\/v2\/pages\/941\/revisions"}],"predecessor-version":[{"id":2006,"href":"https:\/\/www.turowka.pl\/convivia\/wp-json\/wp\/v2\/pages\/941\/revisions\/2006"}],"wp:attachment":[{"href":"https:\/\/www.turowka.pl\/convivia\/wp-json\/wp\/v2\/media?parent=941"}],"curies":[{"name":"wp","href":"https:\/\/api.w.org\/{rel}","templated":true}]}}