{"id":32,"date":"2020-04-09T00:26:33","date_gmt":"2020-04-08T22:26:33","guid":{"rendered":"https:\/\/turowka.pl\/convivia\/?page_id=32"},"modified":"2024-06-13T11:37:46","modified_gmt":"2024-06-13T09:37:46","slug":"kontakt","status":"publish","type":"page","link":"https:\/\/www.turowka.pl\/convivia\/kontakt\/","title":{"rendered":"Kontakt"},"content":{"rendered":"\t<section class=\"contact-details section-block\">\r\n\t\t<div class=\"section-title v1\">\r\n\t\t\t<p class=\"subtitle\">Restauracja<\/p>\r\n\t\t<h3> Convivia<\/h3>\t\t\r\n<\/div>\t\t<div class=\"boxes cols-3\">\r\n\t\t\t<div class=\"box phones\">\r\n\t\t\t\t<h3 class=\"font-title\">\r\n\t\t\t\t\tTelefon\t\t\t\t<\/h3>\r\n\t\t\t\t\t\t\t\t\t<ul>\r\n\t\t\t\t\t\t\t\t\t\t\t\t\t<li><a href=\"tel: Rezerwacja stolik\u00f3w: +48 504 856 575\">Rezerwacja stolik\u00f3w: +48 504 856 575<\/a><\/li>\r\n\t\t\t\t\t\t\t\t\t\t\t\t\t<li><a href=\"tel: Recepcja: +48 12 279 61 00\">Recepcja: +48 12 279 61 00<\/a><\/li>\r\n\t\t\t\t\t\t\t\t\t\t\t\t\t<li><a href=\"tel: F&amp;B Manager: +48 519 184 118\">F&amp;B Manager: +48 519 184 118<\/a><\/li>\r\n\t\t\t\t\t\t\t\t\t\t\t\t\t<li><a href=\"tel: \"><\/a><\/li>\r\n\t\t\t\t\t\t\t\t\t\t\t<\/ul>\r\n\t\t\t\t\t\r\n\t\t\t\t<span class=\"fa fa-phone\"><\/span>\r\n\t\t\t<\/div>\r\n\t\t\t<div class=\"box address\">\r\n\t\t\t\t<h3 class=\"font-title\">\r\n\t\t\t\t\tAdres\t\t\t\t<\/h3>\t\t\t\t\r\n\t\t\t\t<ul>\r\n\t\t\t\t\t<li>\r\n\t\t\t\t\t\t<a href=\"http:\/\/maps.google.com\/?q=ul. \u017beromskiego 1, 32-020 Wieliczka\" target=\"_blank\" rel=\"noopener\">ul. \u017beromskiego 1, 32-020 Wieliczka<\/a>\r\n\t\t\t\t\t\t<br>\r\n\t\t\t\t\t\t\t\t\t\t\t<\/li>\r\n\t\t\t\t<\/ul>\r\n\t\t\t\t<span class=\"fa fa-map-marker\"><\/span>\r\n\t\t\t<\/div>\r\n\t\t\t<div class=\"box hours\">\r\n\t\t\t\t<h3 class=\"font-title\">\r\n\t\t\t\t\tGodziny pracy\t\t\t\t<\/h3>\r\n\t\t\t\t\t\t\t\t\t\t\t<ul>\r\n\t\t\t\t\t\t\t\t\t\t\t\t\t\t\t\t\t\t\t\t\t\t\t\t<li class=\"hours\">Pon \u2013 czw \u2013 14.00 \u2013 22.00<\/li>\r\n\t\t\t\t\t\t\t\t\t\t\t\t\t\t\t\t\t\t\t\t\t\t\t\t\t\t\t\t\t\t\t\t\t\t\t\t\t\t\t\t\t\t\t\t\t\t\t\t<li class=\"hours\">Pt \u2013 14.00 \u2013 23.00<\/li>\r\n\t\t\t\t\t\t\t\t\t\t\t\t\t\t\t\t\t\t\t\t\t\t\t\t\t\t\t\t\t\t\t\t\t\t\t\t\t\t\t\t\t\t\t\t\t\t\t\t<li class=\"hours\">Sb \u2013 13.00 \u2013 23.00<\/li>\r\n\t\t\t\t\t\t\t\t\t\t\t\t\t\t\t\t\t\t\t\t\t\t\t\t\t\t\t\t\t\t\t\t\t\t\t\t\t\t\t\t\t\t\t\t\t\t\t\t<li class=\"hours\">Niedz. 13.00 \u2013 22.00<\/li>\r\n\t\t\t\t\t\t\t\t\t\t\t\t\t\t\t\t\t\t\t\t\t\t\t\t\t\t\t\t\t\t\t\t\t\t\t\t\t\t\t\t\t\t\t\t\t\t\t\t<li class=\"hours\">Zam\u00f3wienia mo\u017cna sk\u0142ada\u0107 na p\u00f3\u0142 godziny przed zamkni\u0119ciem restauracji<\/li>\r\n\t\t\t\t\t\t\t\t\t\t\t\t\t\t\t\t\t\t\t\t\t\t\t\t\t\t\t\t\t\t\t\t\t\t\t\t\t\t\t\t\t\t\t\t\t\t\t\t<li class=\"hours\"><\/li>\r\n\t\t\t\t\t\t\t\t\t\t\t\t\t\t\t\t\t\t\t\t\t\t\t\t\t\t\t\t\t\t\t\t\t\t\t\t\t<\/ul>\r\n\t\t\t\t\t\t\t\t\t<span class=\"fa fa-clock-o\"><\/span>\r\n\t\t\t<\/div>\r\n\t\t\t\t\t<\/div>\r\n\t<\/section>\r\n\t\n<div class=\"section-title v1\">\r\n\t\t<h3> Dane kontaktowe<\/h3>\t\t\r\n<\/div>\n<div align=\"center\">\n<p><strong>MIREALLUM sp. z o.o.<\/strong><\/p>\n<p>WARSZAWSKA 152A<br \/>\n25-414 KIELCE<\/p>\n<p>NIP\u00a0\u00a0\u00a0\u00a0\u00a0\u00a0\u00a0 6572956398<br \/>\nKRS\u00a0\u00a0\u00a0\u00a0\u00a0\u00a0\u00a0 0000872933<br \/>\nRegon\u00a0\u00a0 387670114<\/p>\n<\/div>\n<div align=\"center\"><\/div>\n<div align=\"center\"><span style=\"font-size: 12pt;\">tel: +48 12 279 61 00<br \/>\n<\/span><span style=\"font-size: 12pt;\">email: restauracja@turowka.pl<\/span><span style=\"font-size: 12pt;\">\u00a0<\/span><\/p>\n<\/div>\n\t<section id=\"contact-form\" class=\"section-block \">\r\n\t\t\t\t<div class=\"wrap\">\r\n\t\t\t<div class=\"section-title v1\">\r\n\t\t\t<p class=\"subtitle\">Wy\u015blij wiadomo\u015b\u0107<\/p>\r\n\t\t<h3> Formularz kontaktowy<\/h3>\t\t\r\n<\/div>\t\t\t<form id=\"ajax-contact\" method=\"post\" action=\"https:\/\/www.turowka.pl\/convivia\/wp-admin\/admin-ajax.php\">\r\n\t\t\t\t<div id=\"form-messages\" class=\"submit-form-message\"><\/div>\r\n\t\t\t\t<div class=\"form-items cols-3\">\r\n\t\t\t\t\t<div class=\"form-item\">\r\n\t\t\t\t\t\t<label for=\"input-name\">Imi\u0119 *<\/label>\r\n\t\t\t\t\t\t<input type=\"text\" id=\"input-name\" name=\"name\" class=\"required\">\r\n\t\t\t\t\t<\/div>\r\n\t\t\t\t\t<div class=\"form-item\">\r\n\t\t\t\t\t\t<label for=\"input-email\">E-mail *<\/label>\r\n\t\t\t\t\t\t<input type=\"email\" id=\"input-email\" name=\"email\" class=\"required\">\r\n\t\t\t\t\t<\/div>\r\n\t\t\t\t\t<div class=\"form-item\">\r\n\t\t\t\t\t\t<label for=\"input-phone\">Telefon<\/label>\r\n\t\t\t\t\t\t<input type=\"tel\" id=\"input-phone\" name=\"phone\" >\r\n\t\t\t\t\t<\/div>\t\r\n\t\t\t\t\t<div class=\"form-item full-width\">\r\n\t\t\t\t\t\t<label for=\"textarea-message\">Wiadomo\u015b\u0107 *<\/label>\r\n\t\t\t\t\t\t<textarea id=\"textarea-message\" name=\"message\" class=\"required\"><\/textarea>\r\n\t\t\t\t\t<\/div>\r\n\t\t\t\t<\/div>\r\n\t\t\t\t<div class=\"align-center-margin\">\r\n\t\t\t\t\t\t\t\t\t\t<button type=\"submit\" class=\"btn-form btn btn-default btn-lg\">Send Message<\/button>\r\n\t\t\t\t<\/div>\r\n\t\t\t<\/form>\r\n\t\t<\/div>\r\n\t\t\t\t\t\r\n\t<\/section>\r\n\t<script>\r\n\t\tjQuery(document).ready(function($) {\r\n\t\t\r\n\t\t\tfunction validate(){\r\n\t\t\t\tvar form = jQuery('#ajax-contact');\t\t\t\t\r\n\t\t\t\tform.find('[name]').each(function(index, value){\r\n\t\t\t\t\tvar that = $(this),\r\n\t\t\t\t\t\t value = that.val(),\r\n\t\t\t\t\t\tname = that.attr('name');\t\t\r\n\t\t\t\t\t\r\n\t\t\t\t\tif(that.hasClass('required')) {\r\n\t\t\t\t\t\tif(value == '' || value.length < 3 && value.length > 50) {\r\n\t\t\t\t\t\t\tthat.addClass('error');\r\n\t\t\t\t\t\t} else {\r\n\t\t\t\t\t\t\tthat.removeClass('error');\r\n\t\t\t\t\t\t}\r\n\t\t\t\t\t\tif(name == 'phone') {\r\n\t\t\t\t\t\t\tif(!value.match(\/[1-4-+]\/g)) {\r\n\t\t\t\t\t\t\t\tthat.addClass('error');\r\n\t\t\t\t\t\t\t}\r\n\t\t\t\t\t\t}\r\n\t\t\t\t\t\tif(name == 'email') {\r\n\t\t\t\t\t\t\tif(!value.match(\/^([\\w-]+(?:\\.[\\w-]+)*)@((?:[\\w-]+\\.)*\\w[\\w-]{0,66})\\.([a-z]{2,6}(?:\\.[a-z]{2})?)$\/i)) {\r\n\t\t\t\t\t\t\t\tthat.addClass('error');\r\n\t\t\t\t\t\t\t}\r\n\t\t\t\t\t\t}\r\n\t\t\t\t\t}\r\n\t\t\t\t});\r\n\t\t\t\tif(form.find('.required').hasClass('error')) {\r\n\t\t\t\t\t\t\t\t\t\treturn false;\r\n\t\t\t\t}\r\n\t\t\t\t\t\t\t\treturn true;\r\n\t\t\t}\r\n\t\t\r\n\t\tjQuery('#ajax-contact').on('submit', function(e) {\r\n\t\t\r\n\t\t\te.preventDefault();\r\n\t\t\tvar formMessages = $('#form-messages');\r\n\t\t\tvar form = jQuery(this);\t\t\t\t\r\n\t\t\r\n\t\t\tif(validate()) {\r\n\t\t\t\tvar data = {\r\n\t\t\t\t\taction: 'contact_submit',\r\n\t\t\t\t\tform_data: form.serialize(),\r\n\t\t\t\t}; \t\t\r\n\t\t\r\n\t\t\t\tjQuery.post( form.attr('action'), data, function(response) {\r\n\t\t\r\n\t\t\t\t\tvar response  = (jQuery.parseJSON(response));\r\n\t\t\t\t\t\/\/ Make sure that the formMessages div has the 'success' class.\r\n\t\t\t\t\t$(formMessages).removeClass('error');\r\n\t\t\t\t\t$(formMessages).addClass(response.class);\r\n\t\t\t\t\r\n\t\t\t\t\t\/\/ Set the message text.\r\n\t\t\t\t\t$(formMessages).text(response.message);\r\n\t\t\t\t\t\r\n\t\t\t\t\tif(response.class == 'success') {\r\n\t\t\t\t\t\tform[0].reset();   \r\n\t\t\t\t\t\t\/\/grecaptcha.reset();\r\n\t\t\t\t\t}\r\n\t\t\r\n\t\t\t\t\r\n\t\t\t\t\t\/\/$('#reservation-submit').prop(\"disabled\", true);\r\n\t\t\t\t});\r\n\t\t\t}\r\n\t\t\t\t\t\t\t\t\t\t\t\t\t\t\t\t\t\t\t  \r\n\t\t});\t\r\n\t\t\/\/ this block can be defined anywhere\r\n\t\t});\t\r\n\t<\/script>\r\n\t\n","protected":false},"excerpt":{"rendered":"<p>MIREALLUM sp. z o.o. WARSZAWSKA 152A 25-414 KIELCE NIP\u00a0\u00a0\u00a0\u00a0\u00a0\u00a0\u00a0 6572956398 KRS\u00a0\u00a0\u00a0\u00a0\u00a0\u00a0\u00a0 0000872933 Regon\u00a0\u00a0 387670114 tel: +48 12 279 61 00 email: restauracja@turowka.pl\u00a0<\/p>\n","protected":false},"author":1,"featured_media":754,"parent":0,"menu_order":0,"comment_status":"closed","ping_status":"closed","template":"","meta":{"footnotes":""},"class_list":["post-32","page","type-page","status-publish","has-post-thumbnail","hentry"],"jetpack_sharing_enabled":true,"amp_enabled":true,"_links":{"self":[{"href":"https:\/\/www.turowka.pl\/convivia\/wp-json\/wp\/v2\/pages\/32","targetHints":{"allow":["GET"]}}],"collection":[{"href":"https:\/\/www.turowka.pl\/convivia\/wp-json\/wp\/v2\/pages"}],"about":[{"href":"https:\/\/www.turowka.pl\/convivia\/wp-json\/wp\/v2\/types\/page"}],"author":[{"embeddable":true,"href":"https:\/\/www.turowka.pl\/convivia\/wp-json\/wp\/v2\/users\/1"}],"replies":[{"embeddable":true,"href":"https:\/\/www.turowka.pl\/convivia\/wp-json\/wp\/v2\/comments?post=32"}],"version-history":[{"count":10,"href":"https:\/\/www.turowka.pl\/convivia\/wp-json\/wp\/v2\/pages\/32\/revisions"}],"predecessor-version":[{"id":2079,"href":"https:\/\/www.turowka.pl\/convivia\/wp-json\/wp\/v2\/pages\/32\/revisions\/2079"}],"wp:featuredmedia":[{"embeddable":true,"href":"https:\/\/www.turowka.pl\/convivia\/wp-json\/wp\/v2\/media\/754"}],"wp:attachment":[{"href":"https:\/\/www.turowka.pl\/convivia\/wp-json\/wp\/v2\/media?parent=32"}],"curies":[{"name":"wp","href":"https:\/\/api.w.org\/{rel}","templated":true}]}}